{"id":43,"date":"2014-12-31T13:12:59","date_gmt":"2014-12-31T13:12:59","guid":{"rendered":"http:\/\/tsvtanzen.de\/?page_id=43"},"modified":"2025-07-06T20:39:53","modified_gmt":"2025-07-06T18:39:53","slug":"training-breitensport","status":"publish","type":"page","link":"https:\/\/www.tsvtanzen.de\/?page_id=43","title":{"rendered":"Training Breitensport"},"content":{"rendered":"<h3><strong>Trainingszeiten<\/strong><\/h3>\n<p>Es existieren drei Gruppen, die zu folgenden Zeiten trainieren<\/p>\n<ul>\n<li><span style=\"color: #000000;\"><strong>Sonntags von 17:30 bis 18:30 (Einsteiger)<\/strong><\/span><\/li>\n<li><strong>Sonntags von 18:45 bis 19:15 (Aufbaugruppe)<\/strong><\/li>\n<li><span style=\"color: #000000;\"><strong>Sonntags von 19:30 bis 20:30 (Fortgeschrittene)<br \/>\n<\/strong><\/span><\/li>\n<li><span style=\"color: #000000;\"><strong>Mittwochs von 20:00 Uhr bis 21:00<\/strong><\/span><\/li>\n<\/ul>\n<p>Die 1. Gruppe am Sonntag richtet sich dabei mehr an Einsteiger, die dritte trainiert schon l\u00e4nger und ist entsprechend weiter. Dazwischen gibt es eine Aufbaugruppe, um T\u00e4nzer aus der Einsteigergruppe fit f\u00fcr die dritte Gruppe zu machen. Alle werden von Sabrina Richter trainiert. Der \u00dcbergang zwischen diesen Gruppen ist flie\u00dfend und richtet sich nach den anwesenden Paaren.<\/p>\n<p>Die Gruppe am Mittwoch ist die \u00e4lteste Gruppe und wird von Reni Richter unterrichtet.<\/p>\n<p>In allen Gruppen sind Neueinsteiger herzlich willkommen. Wenn Sie unsicher sind, welche Gruppe f\u00fcr Sie besser geeignet ist, kommen Sie einfach einmal vorbei.<\/p>\n<p>Bitte beachten Sie auch die <a href=\"https:\/\/tsvtanzen.de\">aktuellen Informationen<\/a>, da es kurzfristig zu \u00c4nderungen kommen kann.<\/p>\n<p>Alle Gruppen trainieren in\u00a0der Gymnastikhalle auf dem Weiherhausgel\u00e4nde\u00a0der TSV Auerbach\u00a0in der Saarstra\u00dfe 56 in 64625 Bensheim.<\/p>\n<h3>Lokalit\u00e4t<\/h3>\n<p>Das Training findet im Geb\u00e4ude D3 (Gymnastikhalle) der TSV statt. Der Eingang befindet sich auf der Nordseite (Parkplatz) der Halle.<\/p>\n<h3><a href=\"http:\/\/mcrichter.de\/tanzen\/wp-content\/uploads\/Lageplan-TSV-Geb\u00e4ude.png\"><img loading=\"lazy\" decoding=\"async\" class=\"aligncenter size-large wp-image-962\" src=\"http:\/\/mcrichter.de\/tanzen\/wp-content\/uploads\/Lageplan-TSV-Geb\u00e4ude-1024x835.png\" alt=\"\" width=\"750\" height=\"612\" srcset=\"https:\/\/www.tsvtanzen.de\/wp-content\/uploads\/Lageplan-TSV-Geb\u00e4ude-1024x835.png 1024w, https:\/\/www.tsvtanzen.de\/wp-content\/uploads\/Lageplan-TSV-Geb\u00e4ude-300x245.png 300w, https:\/\/www.tsvtanzen.de\/wp-content\/uploads\/Lageplan-TSV-Geb\u00e4ude-768x626.png 768w, https:\/\/www.tsvtanzen.de\/wp-content\/uploads\/Lageplan-TSV-Geb\u00e4ude.png 1114w\" sizes=\"auto, (max-width: 750px) 100vw, 750px\" \/><\/a><\/h3>\n<h3><\/h3>\n<h3>Anfahrt<\/h3>\n<p>Sie k\u00f6nnen sich entweder mittels <a href=\"http:\/\/maps.google.de\/maps?q=Saarstr.56 64625\" target=\"_blank\" rel=\"noopener noreferrer\">Google Maps<\/a> die Anfahrt zeigen lassen oder Sie halten sich an die nachfolgende Beschreibung:<\/p>\n<p>Aus Heppenheim kommend \u00fcber B3:<\/p>\n<p>B3 Richtung Darmstadt, an der 1. Ampelkreuzung hinter dem Ortsschild Bensheim-Auerbach (rechts ist unter anderem eine Tankstelle und eine Spielhalle) links abbiegen in die Saarstra\u00dfe. \u00dcber die Br\u00fccke fahren und dort gleich links auf den Parkplatz (kurz vor dem Kreisel). Dort kann das Auto abgestellt werden.<\/p>\n<p>Aus Darmstadt kommend \u00fcber B3:<\/p>\n<p>B3 bis zu Ampelkreuzung HINTER dem Lidl. Die Ampel hat eine Rechts-Abbiegerspur und eine Rechts-Abbieger-Ampel. Dort rechts in die Saarstra\u00dfe abbiegen und weiter fahren wie oben.<\/p>\n<p>Von der Autobahn kommend (beide Richtungen):<\/p>\n<p>Von der Autobahn Ausfahrt Zwingenberg Richtung Bensheim-Auerbach fahren (B67\/Berliner Ring). Dieser Stra\u00dfe folgen bis zum ersten Kreisel. Dort die 3. Ausfahrt (links abbiegen) nehmen und sofort nach rechts auf den Parkplatz fahren.<\/p>\n","protected":false},"excerpt":{"rendered":"<p>Trainingszeiten Es existieren drei Gruppen, die zu folgenden Zeiten trainieren Sonntags von 17:30 bis 18:30 (Einsteiger) Sonntags von 18:45 bis 19:15 (Aufbaugruppe) Sonntags von 19:30 bis 20:30 (Fortgeschrittene) Mittwochs von 20:00 Uhr bis 21:00 Die 1. Gruppe am Sonntag richtet sich dabei mehr an Einsteiger, die dritte trainiert schon l\u00e4nger und ist entsprechend weiter. Dazwischen [&hellip;]<\/p>\n","protected":false},"author":1,"featured_media":0,"parent":0,"menu_order":0,"comment_status":"closed","ping_status":"open","template":"","meta":{"footnotes":""},"class_list":["post-43","page","type-page","status-publish","hentry"],"_links":{"self":[{"href":"https:\/\/www.tsvtanzen.de\/index.php?rest_route=\/wp\/v2\/pages\/43","targetHints":{"allow":["GET"]}}],"collection":[{"href":"https:\/\/www.tsvtanzen.de\/index.php?rest_route=\/wp\/v2\/pages"}],"about":[{"href":"https:\/\/www.tsvtanzen.de\/index.php?rest_route=\/wp\/v2\/types\/page"}],"author":[{"embeddable":true,"href":"https:\/\/www.tsvtanzen.de\/index.php?rest_route=\/wp\/v2\/users\/1"}],"replies":[{"embeddable":true,"href":"https:\/\/www.tsvtanzen.de\/index.php?rest_route=%2Fwp%2Fv2%2Fcomments&post=43"}],"version-history":[{"count":47,"href":"https:\/\/www.tsvtanzen.de\/index.php?rest_route=\/wp\/v2\/pages\/43\/revisions"}],"predecessor-version":[{"id":5507,"href":"https:\/\/www.tsvtanzen.de\/index.php?rest_route=\/wp\/v2\/pages\/43\/revisions\/5507"}],"wp:attachment":[{"href":"https:\/\/www.tsvtanzen.de\/index.php?rest_route=%2Fwp%2Fv2%2Fmedia&parent=43"}],"curies":[{"name":"wp","href":"https:\/\/api.w.org\/{rel}","templated":true}]}}