{"id":4963,"date":"2023-11-26T21:13:57","date_gmt":"2023-11-26T20:13:57","guid":{"rendered":"https:\/\/mcrichter.macbay.net\/tanzen\/?page_id=4963"},"modified":"2024-08-01T16:04:27","modified_gmt":"2024-08-01T14:04:27","slug":"ueber-modern-linedance","status":"publish","type":"page","link":"https:\/\/www.tsvtanzen.de\/?page_id=4963","title":{"rendered":"\u00dcber Modern Linedance"},"content":{"rendered":"\n<p>Da die letzten Kurse sehr gut besucht waren, bieten wir Modern Linedance ab 2024 als <a href=\"https:\/\/tsvtanzen.de\/?page_id=4981\">Gruppe<\/a> an. Der Inhalt ist so aufgebaut, dass sowohl die Teilnehmer des letzten Kurses, als auch neue Teilnehmer mit etwas Tanzerfahrung viel Spa\u00df haben werden. Und nat\u00fcrlich ben\u00f6tigt man keinen Tanzpartner.<\/p>\n\n\n\n<p>In der Regel lernt man jede Woche einen neuen Linedance oder neue Teile eines komplexeren Linedance (Choreographie). Andere Linedances werden wiederholt oder einfach nur  getanzt.<\/p>\n\n\n\n<p>Um eine ungef\u00e4hre Vorstellung davon zu bekommen, was unter Modern Linedance (<a href=\"https:\/\/de.wikipedia.org\/wiki\/Line_Dance\" target=\"_blank\" rel=\"noreferrer noopener\">Wikipedia<\/a>) zu verstehen ist, kann man im Internet nach &#8222;Fantasy Girl&#8220;, &#8222;Jerusalema&#8220; oder &#8222;Salsa Line Dance&#8220; suchen.<\/p>\n\n\n\n<p>Nat\u00fcrlich ist der Einstieg f\u00fcr neue Teilnehmer immer schwierig. Aber mit ein wenig Geduld, Tanzerfahrung und Ehrgeiz ist das kein Problem. Unsere Trainerin unterst\u00fctzt neue Teilnehmer nat\u00fcrlich auch. Wenn man dabei merkt, dass man noch etwas mehr \u00dcbung ben\u00f6tigt, haben wir freitags mit <a href=\"https:\/\/tsvtanzen.de\/?page_id=4965\">Circle and Linedance<\/a> die ideale Erg\u00e4nzung.<\/p>\n\n\n\n<p>Weitere Informationen erhalten Sie \u00fcber unser <a href=\"https:\/\/tsvtanzen.de\/?page_id=6\" target=\"_blank\" rel=\"noreferrer noopener\">Kontaktformular<\/a> oder unter&nbsp;<a href=\"tel:06251\/770881\">06251\/770881<\/a>.<\/p>\n\n\n\n<p><\/p>\n","protected":false},"excerpt":{"rendered":"<p>Da die letzten Kurse sehr gut besucht waren, bieten wir Modern Linedance ab 2024 als Gruppe an. Der Inhalt ist so aufgebaut, dass sowohl die Teilnehmer des letzten Kurses, als auch neue Teilnehmer mit etwas Tanzerfahrung viel Spa\u00df haben werden. Und nat\u00fcrlich ben\u00f6tigt man keinen Tanzpartner. In der Regel lernt man jede Woche einen neuen [&hellip;]<\/p>\n","protected":false},"author":1,"featured_media":0,"parent":0,"menu_order":0,"comment_status":"closed","ping_status":"closed","template":"","meta":{"footnotes":""},"class_list":["post-4963","page","type-page","status-publish","hentry"],"_links":{"self":[{"href":"https:\/\/www.tsvtanzen.de\/index.php?rest_route=\/wp\/v2\/pages\/4963","targetHints":{"allow":["GET"]}}],"collection":[{"href":"https:\/\/www.tsvtanzen.de\/index.php?rest_route=\/wp\/v2\/pages"}],"about":[{"href":"https:\/\/www.tsvtanzen.de\/index.php?rest_route=\/wp\/v2\/types\/page"}],"author":[{"embeddable":true,"href":"https:\/\/www.tsvtanzen.de\/index.php?rest_route=\/wp\/v2\/users\/1"}],"replies":[{"embeddable":true,"href":"https:\/\/www.tsvtanzen.de\/index.php?rest_route=%2Fwp%2Fv2%2Fcomments&post=4963"}],"version-history":[{"count":11,"href":"https:\/\/www.tsvtanzen.de\/index.php?rest_route=\/wp\/v2\/pages\/4963\/revisions"}],"predecessor-version":[{"id":5223,"href":"https:\/\/www.tsvtanzen.de\/index.php?rest_route=\/wp\/v2\/pages\/4963\/revisions\/5223"}],"wp:attachment":[{"href":"https:\/\/www.tsvtanzen.de\/index.php?rest_route=%2Fwp%2Fv2%2Fmedia&parent=4963"}],"curies":[{"name":"wp","href":"https:\/\/api.w.org\/{rel}","templated":true}]}}