{"id":4981,"date":"2023-11-26T22:07:39","date_gmt":"2023-11-26T21:07:39","guid":{"rendered":"https:\/\/mcrichter.macbay.net\/tanzen\/?page_id=4981"},"modified":"2025-07-14T17:41:58","modified_gmt":"2025-07-14T15:41:58","slug":"modern-linedance","status":"publish","type":"page","link":"https:\/\/www.tsvtanzen.de\/?page_id=4981","title":{"rendered":"Training Modern Linedance"},"content":{"rendered":"\n<h3 class=\"wp-block-heading\"><strong>Trainingszeiten<\/strong><\/h3>\n\n\n\n<p>immer&nbsp;<strong>Montags von 20.30 Uhr bis 21.30<\/strong>&nbsp;Uhr (au\u00dfer Schulferien) im B\u00fcrgerhaus Kronepark in der&nbsp;<a href=\"http:\/\/maps.google.de\/maps?q=Darmst%C3%A4dter%20Str.%20166,%2064625\" target=\"_blank\" rel=\"noreferrer noopener\">Darmst\u00e4dter Stra\u00dfe 166,&nbsp;64625 Bensheim<\/a>.<\/p>\n\n\n\n<p>Eine Alternative besteht <a href=\"https:\/\/www.tsvtanzen.de\/?page_id=4883\" data-type=\"page\" data-id=\"4883\">Circle und Linedance<\/a>. Hier werden \u00e4hnliche Folgen unterrichtet. Diese Gruppe trainiert freitags.<\/p>\n\n\n\n<p>Bitte beachten Sie auch die&nbsp;<a href=\"https:\/\/tsvtanzen.de\">aktuellen Informationen<\/a>, da es kurzfristig zu \u00c4nderungen kommen kann.<\/p>\n\n\n\n<h3 class=\"wp-block-heading\">Lokalit\u00e4t<\/h3>\n\n\n\n<p>Das B\u00fcrgerhaus befindet sich an der B3 an der Einm\u00fcndung zur Bachgasse.<\/p>\n\n\n\n<figure class=\"wp-block-image aligncenter\"><a href=\"http:\/\/mcrichter.de\/tanzen\/wp-content\/uploads\/Anfahrt-Kronepark.png\"><img loading=\"lazy\" decoding=\"async\" width=\"325\" height=\"309\" src=\"http:\/\/mcrichter.de\/tanzen\/wp-content\/uploads\/Anfahrt-Kronepark.png\" alt=\"\" class=\"wp-image-90\" srcset=\"https:\/\/www.tsvtanzen.de\/wp-content\/uploads\/Anfahrt-Kronepark.png 325w, https:\/\/www.tsvtanzen.de\/wp-content\/uploads\/Anfahrt-Kronepark-300x285.png 300w\" sizes=\"auto, (max-width: 325px) 100vw, 325px\" \/><\/a><\/figure>\n\n\n\n<p>Alternativ k\u00f6nnen Sie sich mittels&nbsp;<a href=\"http:\/\/maps.google.de\/maps?q=Darmst%C3%A4dter%20Str.%20166,%2064625\" target=\"_blank\" rel=\"noreferrer noopener\">Google Maps<\/a>&nbsp;die Anfahrt zeigen lassen.<\/p>\n","protected":false},"excerpt":{"rendered":"<p>Trainingszeiten immer&nbsp;Montags von 20.30 Uhr bis 21.30&nbsp;Uhr (au\u00dfer Schulferien) im B\u00fcrgerhaus Kronepark in der&nbsp;Darmst\u00e4dter Stra\u00dfe 166,&nbsp;64625 Bensheim. Eine Alternative besteht Circle und Linedance. Hier werden \u00e4hnliche Folgen unterrichtet. Diese Gruppe trainiert freitags. Bitte beachten Sie auch die&nbsp;aktuellen Informationen, da es kurzfristig zu \u00c4nderungen kommen kann. Lokalit\u00e4t Das B\u00fcrgerhaus befindet sich an der B3 an der [&hellip;]<\/p>\n","protected":false},"author":1,"featured_media":0,"parent":0,"menu_order":0,"comment_status":"closed","ping_status":"closed","template":"","meta":{"footnotes":""},"class_list":["post-4981","page","type-page","status-publish","hentry"],"_links":{"self":[{"href":"https:\/\/www.tsvtanzen.de\/index.php?rest_route=\/wp\/v2\/pages\/4981","targetHints":{"allow":["GET"]}}],"collection":[{"href":"https:\/\/www.tsvtanzen.de\/index.php?rest_route=\/wp\/v2\/pages"}],"about":[{"href":"https:\/\/www.tsvtanzen.de\/index.php?rest_route=\/wp\/v2\/types\/page"}],"author":[{"embeddable":true,"href":"https:\/\/www.tsvtanzen.de\/index.php?rest_route=\/wp\/v2\/users\/1"}],"replies":[{"embeddable":true,"href":"https:\/\/www.tsvtanzen.de\/index.php?rest_route=%2Fwp%2Fv2%2Fcomments&post=4981"}],"version-history":[{"count":6,"href":"https:\/\/www.tsvtanzen.de\/index.php?rest_route=\/wp\/v2\/pages\/4981\/revisions"}],"predecessor-version":[{"id":5520,"href":"https:\/\/www.tsvtanzen.de\/index.php?rest_route=\/wp\/v2\/pages\/4981\/revisions\/5520"}],"wp:attachment":[{"href":"https:\/\/www.tsvtanzen.de\/index.php?rest_route=%2Fwp%2Fv2%2Fmedia&parent=4981"}],"curies":[{"name":"wp","href":"https:\/\/api.w.org\/{rel}","templated":true}]}}