{"id":5023,"date":"2023-12-16T12:53:00","date_gmt":"2023-12-16T11:53:00","guid":{"rendered":"https:\/\/mcrichter.macbay.net\/tanzen\/?page_id=5023"},"modified":"2024-08-01T20:42:17","modified_gmt":"2024-08-01T18:42:17","slug":"training-inklusion","status":"publish","type":"page","link":"https:\/\/www.tsvtanzen.de\/?page_id=5023","title":{"rendered":"Training Inklusion"},"content":{"rendered":"\n<p>Hier m\u00f6chten wir allen Menschen mit einem Handicap die M\u00f6glichkeit geben das Hobby Tanzen zu erfahren. Diese Gruppe wird von Reni Richter geleitet, die durch die ehemalige Tanzschule Richter bekannt ist.<\/p>\n\n\n\n<h3 class=\"wp-block-heading\"><strong>Trainingszeiten<\/strong><\/h3>\n\n\n\n<p>Immer&nbsp;<strong>Mittwochs von 19:00 Uhr bis 19:45<\/strong>&nbsp;Uhr (au\u00dfer Schulferien) in&nbsp;der Gymnastikhalle auf dem Weiherhausgel\u00e4nde&nbsp;der TSV Auerbach&nbsp;in der Saarstra\u00dfe 56 in 64625 Bensheim.<\/p>\n\n\n\n<p>F\u00fcr diese Gruppe wird ein <strong>Zusatzbeitrag von 15 Euro <strong> (TSV-Mitglieder 10 Euro<\/strong><\/strong>)<strong> \/ Monat<\/strong> erhoben.<\/p>\n\n\n\n<p>Weitere Informationen erhalten Sie \u00fcber unser <a href=\"https:\/\/tsvtanzen.de\/?page_id=6\" target=\"_blank\" rel=\"noreferrer noopener\">Kontaktformular<\/a> oder unter&nbsp;<a href=\"tel:06251\/770881\">06251\/770881<\/a>.<\/p>\n\n\n\n<p>Bitte beachten Sie auch die&nbsp;<a href=\"https:\/\/tsvtanzen.de\">aktuellen Informationen<\/a>, da es kurzfristig zu \u00c4nderungen kommen kann.<\/p>\n\n\n\n<h3 class=\"wp-block-heading\">Lokalit\u00e4t<\/h3>\n\n\n\n<p>Das Training findet im Geb\u00e4ude D3 (Gymnastikhalle) der TSV statt. Der Eingang befindet sich auf der Nordseite (Parkplatz) der Halle.<\/p>\n\n\n\n<figure class=\"wp-block-image size-large\"><img decoding=\"async\" src=\"https:\/\/tsvtanzen.de\/wp-content\/uploads\/Lageplan-TSV-Geb\u00e4ude-1024x835.png\" alt=\"\"\/><\/figure>\n\n\n\n<h3 class=\"wp-block-heading\">Anfahrt<\/h3>\n\n\n\n<p>Sie k\u00f6nnen sich entweder mittels&nbsp;<a href=\"http:\/\/maps.google.de\/maps?q=Saarstr.56 64625\" target=\"_blank\" rel=\"noreferrer noopener\">Google Maps<\/a>&nbsp;die Anfahrt zeigen lassen oder Sie halten sich an die nachfolgende Beschreibung:<\/p>\n\n\n\n<h4 class=\"wp-block-heading\">Aus Heppenheim kommend \u00fcber B3:<\/h4>\n\n\n\n<p>B3 Richtung Darmstadt, an der 1. Ampelkreuzung hinter dem Ortsschild Bensheim-Auerbach (rechts ist unter anderem eine Tankstelle und eine Spielhalle) links abbiegen in die Saarstra\u00dfe. \u00dcber die Br\u00fccke fahren und dort gleich links auf den Parkplatz (kurz vor dem Kreisel). Dort kann das Auto abgestellt werden.<\/p>\n\n\n\n<h4 class=\"wp-block-heading\">Aus Darmstadt kommend \u00fcber B3:<\/h4>\n\n\n\n<p>B3 bis zu Ampelkreuzung HINTER dem Lidl. Die Ampel hat eine Rechts-Abbiegerspur und eine Rechts-Abbieger-Ampel. Dort rechts in die Saarstra\u00dfe abbiegen und weiter fahren wie oben.<\/p>\n\n\n\n<h4 class=\"wp-block-heading\">Von der Autobahn kommend (beide Richtungen):<\/h4>\n\n\n\n<p>Von der Autobahn Ausfahrt Zwingenberg Richtung Bensheim-Auerbach fahren (B67\/Berliner Ring). Dieser Stra\u00dfe folgen bis zum ersten Kreisel. Dort die 3. Ausfahrt (links abbiegen) nehmen und sofort nach rechts auf den Parkplatz fahren.<\/p>\n","protected":false},"excerpt":{"rendered":"<p>Hier m\u00f6chten wir allen Menschen mit einem Handicap die M\u00f6glichkeit geben das Hobby Tanzen zu erfahren. Diese Gruppe wird von Reni Richter geleitet, die durch die ehemalige Tanzschule Richter bekannt ist. Trainingszeiten Immer&nbsp;Mittwochs von 19:00 Uhr bis 19:45&nbsp;Uhr (au\u00dfer Schulferien) in&nbsp;der Gymnastikhalle auf dem Weiherhausgel\u00e4nde&nbsp;der TSV Auerbach&nbsp;in der Saarstra\u00dfe 56 in 64625 Bensheim. F\u00fcr diese [&hellip;]<\/p>\n","protected":false},"author":1,"featured_media":0,"parent":0,"menu_order":0,"comment_status":"closed","ping_status":"closed","template":"","meta":{"footnotes":""},"class_list":["post-5023","page","type-page","status-publish","hentry"],"_links":{"self":[{"href":"https:\/\/www.tsvtanzen.de\/index.php?rest_route=\/wp\/v2\/pages\/5023","targetHints":{"allow":["GET"]}}],"collection":[{"href":"https:\/\/www.tsvtanzen.de\/index.php?rest_route=\/wp\/v2\/pages"}],"about":[{"href":"https:\/\/www.tsvtanzen.de\/index.php?rest_route=\/wp\/v2\/types\/page"}],"author":[{"embeddable":true,"href":"https:\/\/www.tsvtanzen.de\/index.php?rest_route=\/wp\/v2\/users\/1"}],"replies":[{"embeddable":true,"href":"https:\/\/www.tsvtanzen.de\/index.php?rest_route=%2Fwp%2Fv2%2Fcomments&post=5023"}],"version-history":[{"count":17,"href":"https:\/\/www.tsvtanzen.de\/index.php?rest_route=\/wp\/v2\/pages\/5023\/revisions"}],"predecessor-version":[{"id":5252,"href":"https:\/\/www.tsvtanzen.de\/index.php?rest_route=\/wp\/v2\/pages\/5023\/revisions\/5252"}],"wp:attachment":[{"href":"https:\/\/www.tsvtanzen.de\/index.php?rest_route=%2Fwp%2Fv2%2Fmedia&parent=5023"}],"curies":[{"name":"wp","href":"https:\/\/api.w.org\/{rel}","templated":true}]}}