{"id":59,"date":"2014-12-31T13:50:51","date_gmt":"2014-12-31T13:50:51","guid":{"rendered":"http:\/\/mcrichter.macbay.de\/wordpress\/?page_id=59"},"modified":"2024-08-01T15:52:39","modified_gmt":"2024-08-01T13:52:39","slug":"ueber-breitensport","status":"publish","type":"page","link":"https:\/\/www.tsvtanzen.de\/?page_id=59","title":{"rendered":"\u00dcber Breitensport"},"content":{"rendered":"<p>Nach einer mehrj\u00e4hrigen Pause wurde die bisherige Breitensportabteilung der TSV-Auerbach wiederbelebt. Nach einem\u00a0ersten Infoabend im Oktober startete die Gruppe mit 4 Paaren am 12.11.2014.<\/p>\n<p style=\"text-align: center;\"><a href=\"http:\/\/mcrichter.de\/tanzen\/wp-content\/uploads\/TanzStart.jpg\"><img loading=\"lazy\" decoding=\"async\" class=\"aligncenter wp-image-79\" src=\"http:\/\/mcrichter.de\/tanzen\/wp-content\/uploads\/TanzStart.jpg\" alt=\"TanzStart\" width=\"659\" height=\"424\" srcset=\"https:\/\/www.tsvtanzen.de\/wp-content\/uploads\/TanzStart.jpg 2535w, https:\/\/www.tsvtanzen.de\/wp-content\/uploads\/TanzStart-300x193.jpg 300w, https:\/\/www.tsvtanzen.de\/wp-content\/uploads\/TanzStart-1024x659.jpg 1024w\" sizes=\"auto, (max-width: 659px) 100vw, 659px\" \/><\/a><\/p>\n<p style=\"text-align: center;\">Gruppenstart am 12.11.2014<\/p>\n<p>Mit viel Gl\u00fcck konnten wir die in Bensheim bekannte Tanzlehrerin Reni Richter von der ehemaligen und gleichnamigen Tanzschule als Trainerin gewinnen. Sie k\u00fcmmert sich mit viel Humor und Engagement um die Gruppe. Auch nach einer l\u00e4ngeren Pause f\u00fcr die meisten Paare zeigte sich, dass viele Figuren schnell wieder in Erinnerung kamen. Und wo etwas nicht klappt hilft Reni Richter mit viel Geduld.<\/p>\n<p>Nach zwei Presseberichten hat sich diese &#8222;Initialgruppe&#8220; schon vergr\u00f6\u00dfert.\u00a0Wir freuen uns jedoch auf jedes weitere Paar, egal welchen Alters, das den Weg zu uns\u00a0findet. Mitzubringen sind nur gute Schuhe in denen man tanzen kann und viel Spa\u00df an der Bewegung zur Musik. Auch Anf\u00e4nger k\u00f6nnen hier ihre ersten Erfahrungen auf dem Parkett sammeln und sind herzlich willkommen.<\/p>\n<p>Zwischenzeitlich trainiert die <a href=\"https:\/\/tsvtanzen.de\/?page_id=43\">Gruppe<\/a> regelm\u00e4\u00dfig jeden Mittwoch um 20:00. Aufgrund der gro\u00dfen Nachfrage gibt es eine zweite <a href=\"https:\/\/tsvtanzen.de\/?page_id=43\">Gruppe<\/a>, die sonntags trainiert. Au\u00dferdem bieten wir verschiedene <a href=\"https:\/\/tsvtanzen.de\/?page_id=4827\">Kurse<\/a> und <a href=\"https:\/\/tsvtanzen.de\/?page_id=4827\">Workshops<\/a> an.<\/p>\n<p>Weitere Informationen erhalten Sie \u00fcber unser <a href=\"https:\/\/tsvtanzen.de\/?page_id=6\" target=\"_blank\" rel=\"noreferrer noopener\">Kontaktformular<\/a> oder unter\u00a0<a href=\"tel:06251\/770881\">06251\/770881<\/a>.<\/p>\n","protected":false},"excerpt":{"rendered":"<p>Nach einer mehrj\u00e4hrigen Pause wurde die bisherige Breitensportabteilung der TSV-Auerbach wiederbelebt. Nach einem\u00a0ersten Infoabend im Oktober startete die Gruppe mit 4 Paaren am 12.11.2014. Gruppenstart am 12.11.2014 Mit viel Gl\u00fcck konnten wir die in Bensheim bekannte Tanzlehrerin Reni Richter von der ehemaligen und gleichnamigen Tanzschule als Trainerin gewinnen. Sie k\u00fcmmert sich mit viel Humor und [&hellip;]<\/p>\n","protected":false},"author":1,"featured_media":0,"parent":0,"menu_order":0,"comment_status":"closed","ping_status":"open","template":"","meta":{"footnotes":""},"class_list":["post-59","page","type-page","status-publish","hentry"],"_links":{"self":[{"href":"https:\/\/www.tsvtanzen.de\/index.php?rest_route=\/wp\/v2\/pages\/59","targetHints":{"allow":["GET"]}}],"collection":[{"href":"https:\/\/www.tsvtanzen.de\/index.php?rest_route=\/wp\/v2\/pages"}],"about":[{"href":"https:\/\/www.tsvtanzen.de\/index.php?rest_route=\/wp\/v2\/types\/page"}],"author":[{"embeddable":true,"href":"https:\/\/www.tsvtanzen.de\/index.php?rest_route=\/wp\/v2\/users\/1"}],"replies":[{"embeddable":true,"href":"https:\/\/www.tsvtanzen.de\/index.php?rest_route=%2Fwp%2Fv2%2Fcomments&post=59"}],"version-history":[{"count":19,"href":"https:\/\/www.tsvtanzen.de\/index.php?rest_route=\/wp\/v2\/pages\/59\/revisions"}],"predecessor-version":[{"id":5213,"href":"https:\/\/www.tsvtanzen.de\/index.php?rest_route=\/wp\/v2\/pages\/59\/revisions\/5213"}],"wp:attachment":[{"href":"https:\/\/www.tsvtanzen.de\/index.php?rest_route=%2Fwp%2Fv2%2Fmedia&parent=59"}],"curies":[{"name":"wp","href":"https:\/\/api.w.org\/{rel}","templated":true}]}}