{"id":61,"date":"2014-12-31T13:52:38","date_gmt":"2014-12-31T13:52:38","guid":{"rendered":"http:\/\/mcrichter.macbay.de\/wordpress\/?page_id=61"},"modified":"2019-03-15T16:58:57","modified_gmt":"2019-03-15T15:58:57","slug":"ueber-boogie-woogie","status":"publish","type":"page","link":"https:\/\/www.tsvtanzen.de\/?page_id=61","title":{"rendered":"\u00dcber Boogie Woogie"},"content":{"rendered":"<h1>Die Geschichte des Boogie-Woogie<\/h1>\n<p style=\"text-align: left;\">Boogie- Woogie ist der Tanz aus den 50er Jahren, aus dem sich dann Jive und Rock\u2019n\u2019Roll entwickelten.&nbsp;Seine Wurzeln hat der Boogie-Woogie im Blues sowie Anleihen aus dem Swing und Lindy Hop.&nbsp;Der musikalische Ursprung reicht zur\u00fcck bis in die 20ger Jahre und hat von den Schwarzenvierteln der&nbsp;S\u00fcdstaaten aus die Welt erobert. Das Piano war damals das wichtigste Instrument der ersten&nbsp;Boogie-Musiker.&nbsp;Die Texte der Boogie-Woogie-Musik handeln haupts\u00e4chlich von Liebe, Treue, Leid und Schmerz. Dies&nbsp;versuchen die Tanzpaare t\u00e4nzerisch auf der Tanzfl\u00e4che zu interpretieren.&nbsp;Daher gibt es beim Boogietanzen keine festen Abl\u00e4ufe und Figurenfolgen.&nbsp;Beim Boogie-Woogie stehen Lebensfreude und Spa\u00df am Tanzen im Vordergrund.&nbsp;Es werden sowohl national als auch international Boogie-Woogie Turniere getanzt.<\/p>\n<h1>Unsere Paare<\/h1>\n<p><a href=\"http:\/\/mcrichter.de\/tanzen\/wp-content\/uploads\/Showauftrtte.jpg\"><img loading=\"lazy\" decoding=\"async\" class=\"wp-image-123 aligncenter\" src=\"http:\/\/mcrichter.de\/tanzen\/wp-content\/uploads\/Showauftrtte.jpg\" alt=\"Showauftrtte\" width=\"418\" height=\"582\" srcset=\"https:\/\/www.tsvtanzen.de\/wp-content\/uploads\/Showauftrtte.jpg 2373w, https:\/\/www.tsvtanzen.de\/wp-content\/uploads\/Showauftrtte-216x300.jpg 216w, https:\/\/www.tsvtanzen.de\/wp-content\/uploads\/Showauftrtte-736x1024.jpg 736w\" sizes=\"auto, (max-width: 418px) 100vw, 418px\" \/><\/a><\/p>\n<div style=\"text-align: left;\">Namen der Paare von hinten nach vorne: Ramona\/Nikolaus Juraske , Doris Ottenritter \/ Holger Risch , Norma\/ Hagen Reitz.<\/div>\n<div>Leider hat sich die Gruppe zwischenzeitlich aufgel\u00f6st. &nbsp;Einzelne Paare sind aber noch mit der Abteilung verbunden und man trifft sich zu verschiedenen Veranstaltungen.<\/div>\n<p>&nbsp;<\/p>\n","protected":false},"excerpt":{"rendered":"<p>Die Geschichte des Boogie-Woogie Boogie- Woogie ist der Tanz aus den 50er Jahren, aus dem sich dann Jive und Rock\u2019n\u2019Roll entwickelten.&nbsp;Seine Wurzeln hat der Boogie-Woogie im Blues sowie Anleihen aus dem Swing und Lindy Hop.&nbsp;Der musikalische Ursprung reicht zur\u00fcck bis in die 20ger Jahre und hat von den Schwarzenvierteln der&nbsp;S\u00fcdstaaten aus die Welt erobert. Das [&hellip;]<\/p>\n","protected":false},"author":1,"featured_media":0,"parent":0,"menu_order":0,"comment_status":"closed","ping_status":"open","template":"","meta":{"footnotes":""},"class_list":["post-61","page","type-page","status-publish","hentry"],"_links":{"self":[{"href":"https:\/\/www.tsvtanzen.de\/index.php?rest_route=\/wp\/v2\/pages\/61","targetHints":{"allow":["GET"]}}],"collection":[{"href":"https:\/\/www.tsvtanzen.de\/index.php?rest_route=\/wp\/v2\/pages"}],"about":[{"href":"https:\/\/www.tsvtanzen.de\/index.php?rest_route=\/wp\/v2\/types\/page"}],"author":[{"embeddable":true,"href":"https:\/\/www.tsvtanzen.de\/index.php?rest_route=\/wp\/v2\/users\/1"}],"replies":[{"embeddable":true,"href":"https:\/\/www.tsvtanzen.de\/index.php?rest_route=%2Fwp%2Fv2%2Fcomments&post=61"}],"version-history":[{"count":7,"href":"https:\/\/www.tsvtanzen.de\/index.php?rest_route=\/wp\/v2\/pages\/61\/revisions"}],"predecessor-version":[{"id":1505,"href":"https:\/\/www.tsvtanzen.de\/index.php?rest_route=\/wp\/v2\/pages\/61\/revisions\/1505"}],"wp:attachment":[{"href":"https:\/\/www.tsvtanzen.de\/index.php?rest_route=%2Fwp%2Fv2%2Fmedia&parent=61"}],"curies":[{"name":"wp","href":"https:\/\/api.w.org\/{rel}","templated":true}]}}