{"id":992,"date":"2018-03-12T22:28:37","date_gmt":"2018-03-12T21:28:37","guid":{"rendered":"http:\/\/mcrichter.de\/tanzen\/?page_id=992"},"modified":"2018-03-12T22:30:51","modified_gmt":"2018-03-12T21:30:51","slug":"hirschhausen-tanzen-bis-der-arzt-kommt","status":"publish","type":"page","link":"https:\/\/www.tsvtanzen.de\/?page_id=992","title":{"rendered":"Hirschhausen (Tanzen bis der Arzt kommt)"},"content":{"rendered":"<p>Am 06.03.2018 hatte Eckart von Hirschhausen einen Auftritt in der Weststadthalle Bensheim. Vor 2000 Leuten gab er seine Lebensweisheiten zum Besten.<\/p>\n<p>In einem Selbsttest hat er herausgefunden das Tanzen zu einer signifikanten Verbesserung des k\u00f6rperlichen sowie geistigen Leistungsverm\u00f6gens in jedem Alter f\u00fchrt. Somit ist es dem ehemaligen praktizierenden Arzt ein besonderes Anliegen gewesen diesen Sport uns allen ans Herz zu legen. Auch gab er den Herren Tips, wie sie sich einen Vorteil verschaffen k\u00f6nnen, indem sie heimlich einen Tanzkurs besuchen und sp\u00e4ter dann die Liebste mit einem Tanzkurs (nat\u00fcrlich f\u00fcr Anf\u00e4nger) \u00fcberraschen. Jeder kann sich jetzt denken wie stolz wir nun sind in der TSV diese Leistung anbieten zu k\u00f6nnen.<\/p>\n<p>Eine Ausgabe seines Quiz \u201eHirschhausens Quiz des Menschen\u201c stellte er unter das Thema Tanzen. Nur zu gerne war er dazu bereit sich f\u00fcr ein Foto f\u00fcr unsere Vereinshomepage zur Verf\u00fcgung zu stellen.<\/p>\n<p><a href=\"http:\/\/mcrichter.de\/tanzen\/wp-content\/uploads\/Hirschhausen.png\"><img loading=\"lazy\" decoding=\"async\" class=\"aligncenter  wp-image-995\" src=\"http:\/\/mcrichter.de\/tanzen\/wp-content\/uploads\/Hirschhausen.png\" alt=\"\" width=\"481\" height=\"580\" srcset=\"https:\/\/www.tsvtanzen.de\/wp-content\/uploads\/Hirschhausen.png 798w, https:\/\/www.tsvtanzen.de\/wp-content\/uploads\/Hirschhausen-249x300.png 249w, https:\/\/www.tsvtanzen.de\/wp-content\/uploads\/Hirschhausen-768x927.png 768w\" sizes=\"auto, (max-width: 481px) 100vw, 481px\" \/><\/a><\/p>\n<p>Auf dem Foto seht ihr Eckart von Hirschhausen zusammen mit Abteilungsleiterin Claudia Richter und ihrer Tochter Chantal.<\/p>\n","protected":false},"excerpt":{"rendered":"<p>Am 06.03.2018 hatte Eckart von Hirschhausen einen Auftritt in der Weststadthalle Bensheim. Vor 2000 Leuten gab er seine Lebensweisheiten zum Besten. In einem Selbsttest hat er herausgefunden das Tanzen zu einer signifikanten Verbesserung des k\u00f6rperlichen sowie geistigen Leistungsverm\u00f6gens in jedem Alter f\u00fchrt. Somit ist es dem ehemaligen praktizierenden Arzt ein besonderes Anliegen gewesen diesen Sport [&hellip;]<\/p>\n","protected":false},"author":1,"featured_media":0,"parent":0,"menu_order":0,"comment_status":"closed","ping_status":"closed","template":"","meta":{"footnotes":""},"class_list":["post-992","page","type-page","status-publish","hentry"],"_links":{"self":[{"href":"https:\/\/www.tsvtanzen.de\/index.php?rest_route=\/wp\/v2\/pages\/992","targetHints":{"allow":["GET"]}}],"collection":[{"href":"https:\/\/www.tsvtanzen.de\/index.php?rest_route=\/wp\/v2\/pages"}],"about":[{"href":"https:\/\/www.tsvtanzen.de\/index.php?rest_route=\/wp\/v2\/types\/page"}],"author":[{"embeddable":true,"href":"https:\/\/www.tsvtanzen.de\/index.php?rest_route=\/wp\/v2\/users\/1"}],"replies":[{"embeddable":true,"href":"https:\/\/www.tsvtanzen.de\/index.php?rest_route=%2Fwp%2Fv2%2Fcomments&post=992"}],"version-history":[{"count":2,"href":"https:\/\/www.tsvtanzen.de\/index.php?rest_route=\/wp\/v2\/pages\/992\/revisions"}],"predecessor-version":[{"id":996,"href":"https:\/\/www.tsvtanzen.de\/index.php?rest_route=\/wp\/v2\/pages\/992\/revisions\/996"}],"wp:attachment":[{"href":"https:\/\/www.tsvtanzen.de\/index.php?rest_route=%2Fwp%2Fv2%2Fmedia&parent=992"}],"curies":[{"name":"wp","href":"https:\/\/api.w.org\/{rel}","templated":true}]}}